{"id":3,"date":"2025-03-10T05:08:05","date_gmt":"2025-03-10T05:08:05","guid":{"rendered":"https:\/\/www.dongnamco.com\/?page_id=3"},"modified":"2025-07-23T20:48:41","modified_gmt":"2025-07-24T02:48:41","slug":"aviso-de-privacidad","status":"publish","type":"page","link":"https:\/\/www.dongnamco.com\/en\/aviso-de-privacidad\/","title":{"rendered":"Privacy Notice"},"content":{"rendered":"<div data-elementor-type=\"wp-page\" data-elementor-id=\"3\" class=\"elementor elementor-3\">\n\t\t\t\t\r\n\t\t<div class=\"default no-position show_shadow rs-sticky-default elementor-element elementor-element-5be3973b e-flex e-con-boxed e-con e-parent\" data-id=\"5be3973b\" data-element_type=\"container\">\n\t\t\t\t\t<div class=\"e-con-inner\">\n\t\t\r\n\t\t\t\t<div class=\"elementor-element elementor-element-42d6cff2 elementor-widget elementor-widget-text-editor\" data-id=\"42d6cff2\" data-element_type=\"widget\" data-widget_type=\"text-editor.default\">\n\t\t\t\t<div class=\"elementor-widget-container\">\n\t\t\t\t\t\t\t\t\t<p>VICPOLY S.A. DE C.V., better known as DONGNAM, with registered address at CARRETERA ESTATAL SAN FRANCISCO \u2013 LE\u00d3N KIL\u00d3METRO 5.5 INTERIOR D, RANCHO GRANDE, SAN FRANCISCO DEL RINC\u00d3N, GUANAJUATO, MEXICO, and website www.dongnamco.com, is responsible for the use and protection of your personal data, and in this regard, we inform you of the following:<\/p>\t\t\t\t\t\t\t\t<\/div>\n\t\t\t\t<\/div>\n\t\t\r\n\t\t\t\t<div class=\"elementor-element elementor-element-739c23b elementor-widget elementor-widget-heading\" data-id=\"739c23b\" data-element_type=\"widget\" data-widget_type=\"heading.default\">\n\t\t\t\t<div class=\"elementor-widget-container\">\n\t\t\t\t\t<h2 class=\"elementor-heading-title elementor-size-default\">For what purposes will we use your personal data?<\/h2>\t\t\t\t<\/div>\n\t\t\t\t<\/div>\n\t\t\r\n\t\t\t\t<div class=\"elementor-element elementor-element-b67509e elementor-widget elementor-widget-text-editor\" data-id=\"b67509e\" data-element_type=\"widget\" data-widget_type=\"text-editor.default\">\n\t\t\t\t<div class=\"elementor-widget-container\">\n\t\t\t\t\t\t\t\t\t<p>We will use the personal data we collect from you for the following purposes, which are necessary for the service you request:<\/p><ul><li>Response to messages from the contact form, Provision of any requested service<\/li><\/ul>\t\t\t\t\t\t\t\t<\/div>\n\t\t\t\t<\/div>\n\t\t\r\n\t\t\t\t<div class=\"elementor-element elementor-element-50384b5 elementor-widget elementor-widget-heading\" data-id=\"50384b5\" data-element_type=\"widget\" data-widget_type=\"heading.default\">\n\t\t\t\t<div class=\"elementor-widget-container\">\n\t\t\t\t\t<h2 class=\"elementor-heading-title elementor-size-default\">What personal data will we use for these purposes?<\/h2>\t\t\t\t<\/div>\n\t\t\t\t<\/div>\n\t\t\r\n\t\t\t\t<div class=\"elementor-element elementor-element-eeaabc1 elementor-widget elementor-widget-text-editor\" data-id=\"eeaabc1\" data-element_type=\"widget\" data-widget_type=\"text-editor.default\">\n\t\t\t\t<div class=\"elementor-widget-container\">\n\t\t\t\t\t\t\t\t\t<p>To carry out the purposes described in this privacy notice, we will use the following personal data:<\/p><ul><li>Identification and contact details<\/li><\/ul>\t\t\t\t\t\t\t\t<\/div>\n\t\t\t\t<\/div>\n\t\t\r\n\t\t\t\t<div class=\"elementor-element elementor-element-356ff18 elementor-widget elementor-widget-heading\" data-id=\"356ff18\" data-element_type=\"widget\" data-widget_type=\"heading.default\">\n\t\t\t\t<div class=\"elementor-widget-container\">\n\t\t\t\t\t<h2 class=\"elementor-heading-title elementor-size-default\">How can you access, correct, or delete your personal data, or object to its use or withdraw your consent?<\/h2>\t\t\t\t<\/div>\n\t\t\t\t<\/div>\n\t\t\r\n\t\t\t\t<div class=\"elementor-element elementor-element-0d4c1c0 elementor-widget elementor-widget-text-editor\" data-id=\"0d4c1c0\" data-element_type=\"widget\" data-widget_type=\"text-editor.default\">\n\t\t\t\t<div class=\"elementor-widget-container\">\n\t\t\t\t\t\t\t\t\t<p>You have the right to know what personal data we hold about you, what we use it for, and the conditions of use (Access). You also have the right to request the correction of your personal information if it is outdated, inaccurate, or incomplete (Rectification); to have it removed from our records or databases when you believe it is not being used appropriately (Cancellation); and to object to the use of your personal data for specific purposes (Opposition). These rights are known as ARCO rights.<\/p><p>To exercise any of your ARCO rights, you must send a request via email to contacto@dongnamco.com, which must contain:<\/p><ul><li>Full name of the holder.<\/li><li>Address.<\/li><li>Phone.<\/li><li>Email used on this website.<\/li><li>Copy of an official ID attached.<\/li><li>Subject: \u201cARCO rights\u201d<\/li><\/ul><p>Description of the purpose of the letter, which may include, but is not limited to, the following: Revocation of consent to process your personal data; and\/or Notification of misuse of your personal data; and\/or Exercise of your ARCO rights, with a clear and precise description of the data to be accessed, rectified, canceled, or opposed. In the case of rectification of personal data, you must indicate the exact modification and attach supporting documentation; it is important to note that in the case of revocation of consent, we may not be able to comply with your request or terminate use immediately in all cases, as we may be required by law to continue processing your personal data. Likewise, you should consider that, for certain purposes, the revocation of your consent means that we will not be able to continue providing the service you requested, or that your relationship with us will be terminated.<\/p>\t\t\t\t\t\t\t\t<\/div>\n\t\t\t\t<\/div>\n\t\t\r\n\t\t\t\t<div class=\"elementor-element elementor-element-9be3e1d elementor-widget elementor-widget-heading\" data-id=\"9be3e1d\" data-element_type=\"widget\" data-widget_type=\"heading.default\">\n\t\t\t\t<div class=\"elementor-widget-container\">\n\t\t\t\t\t<h2 class=\"elementor-heading-title elementor-size-default\">How many days will it take us to respond to your request?<\/h2>\t\t\t\t<\/div>\n\t\t\t\t<\/div>\n\t\t\r\n\t\t\t\t<div class=\"elementor-element elementor-element-40d8785 elementor-widget elementor-widget-text-editor\" data-id=\"40d8785\" data-element_type=\"widget\" data-widget_type=\"text-editor.default\">\n\t\t\t\t<div class=\"elementor-widget-container\">\n\t\t\t\t\t\t\t\t\t<p>5 days<\/p>\t\t\t\t\t\t\t\t<\/div>\n\t\t\t\t<\/div>\n\t\t\r\n\t\t\t\t<div class=\"elementor-element elementor-element-ec78576 elementor-widget elementor-widget-heading\" data-id=\"ec78576\" data-element_type=\"widget\" data-widget_type=\"heading.default\">\n\t\t\t\t<div class=\"elementor-widget-container\">\n\t\t\t\t\t<h2 class=\"elementor-heading-title elementor-size-default\">How will we communicate the response to your request?<\/h2>\t\t\t\t<\/div>\n\t\t\t\t<\/div>\n\t\t\r\n\t\t\t\t<div class=\"elementor-element elementor-element-a53d477 elementor-widget elementor-widget-text-editor\" data-id=\"a53d477\" data-element_type=\"widget\" data-widget_type=\"text-editor.default\">\n\t\t\t\t<div class=\"elementor-widget-container\">\n\t\t\t\t\t\t\t\t\t<p>To the same email address from which the request was sent.<\/p>\t\t\t\t\t\t\t\t<\/div>\n\t\t\t\t<\/div>\n\t\t\r\n\t\t\t\t<div class=\"elementor-element elementor-element-ef2b4c6 elementor-widget elementor-widget-heading\" data-id=\"ef2b4c6\" data-element_type=\"widget\" data-widget_type=\"heading.default\">\n\t\t\t\t<div class=\"elementor-widget-container\">\n\t\t\t\t\t<h2 class=\"elementor-heading-title elementor-size-default\">The use of tracking technologies on our website<\/h2>\t\t\t\t<\/div>\n\t\t\t\t<\/div>\n\t\t\r\n\t\t\t\t<div class=\"elementor-element elementor-element-392c267 elementor-widget elementor-widget-text-editor\" data-id=\"392c267\" data-element_type=\"widget\" data-widget_type=\"text-editor.default\">\n\t\t\t\t<div class=\"elementor-widget-container\">\n\t\t\t\t\t\t\t\t\t<p>We inform you that we use cookies, web beacons, or other technologies on our website, through which it is possible to monitor your behavior as an internet user, as well as provide you with a better service and experience when browsing our website. The personal data we obtain from these tracking technologies is as follows:<\/p><p>Identifiers, usernames, and session passwords, User-reviewed advertising<\/p><p>These cookies, web beacons, and other technologies can be disabled. To learn how to do this, consult your browser's help menu. Please note that if you disable cookies, you may not be able to access certain personalized features on our website.<\/p>\t\t\t\t\t\t\t\t<\/div>\n\t\t\t\t<\/div>\n\t\t\r\n\t\t\t\t<div class=\"elementor-element elementor-element-d280c1b elementor-widget elementor-widget-heading\" data-id=\"d280c1b\" data-element_type=\"widget\" data-widget_type=\"heading.default\">\n\t\t\t\t<div class=\"elementor-widget-container\">\n\t\t\t\t\t<h2 class=\"elementor-heading-title elementor-size-default\">How can you find out about changes to this privacy notice?<\/h2>\t\t\t\t<\/div>\n\t\t\t\t<\/div>\n\t\t\r\n\t\t\t\t<div class=\"elementor-element elementor-element-50fc95e elementor-widget elementor-widget-text-editor\" data-id=\"50fc95e\" data-element_type=\"widget\" data-widget_type=\"text-editor.default\">\n\t\t\t\t<div class=\"elementor-widget-container\">\n\t\t\t\t\t\t\t\t\t<p>This privacy notice may be modified, changed, or updated as a result of new legal requirements; our own needs for the products or services we offer; our privacy practices; changes in our business model; or other reasons. We are committed to keeping this privacy notice up to date with any changes that may occur, and you can always check for updates on the website www.dongnamco.com.<\/p><p>Last update of this privacy notice: 02\/28\/2025<\/p>\t\t\t\t\t\t\t\t<\/div>\n\t\t\t\t<\/div>\n\t\t\t\t\t<\/div>\n\t\t\t\t<\/div>\n\t\t\t\t<\/div>","protected":false},"excerpt":{"rendered":"<p>VICPOLY S.A. DE C.V. mejor conocido como DONGNAM, con domicilio en CARRETERA ESTATAL SAN FRANCISCO &#8211; LE\u00d3N KIL\u00d3METRO 5.5 INTERIOR D, RANCHO GRANDE, SAN FRANCISCO DEL RINC\u00d3N, GUANAJUATO, M\u00c9XICO y portal de internet www.dongnamco.com, es el responsable del uso y protecci\u00f3n de sus datos personales, y al respecto le informamos lo siguiente: \u00bfPara qu\u00e9 fines&#8230;<\/p>","protected":false},"author":1,"featured_media":0,"parent":0,"menu_order":0,"comment_status":"closed","ping_status":"closed","template":"","meta":{"_joinchat":[],"footnotes":""},"class_list":["post-3","page","type-page","status-publish","hentry"],"yoast_head":"<!-- This site is optimized with the Yoast SEO plugin v26.4 - https:\/\/yoast.com\/wordpress\/plugins\/seo\/ -->\n<title>Aviso de Privacidad - Grupo DongNam<\/title>\n<meta name=\"description\" content=\"Fabricamos e innovamos materiales E.V.A. de alta calidad, como pellets, espuma, plantillas, inyecci\u00f3n y bondeados, respaldados por pruebas f\u00edsicas para soluciones avanzadas.\" \/>\n<meta name=\"robots\" content=\"noindex, nofollow\" \/>\n<meta property=\"og:locale\" content=\"en_US\" \/>\n<meta property=\"og:type\" content=\"article\" \/>\n<meta property=\"og:title\" content=\"Aviso de Privacidad - Grupo DongNam\" \/>\n<meta property=\"og:description\" content=\"Fabricamos e innovamos materiales E.V.A. de alta calidad, como pellets, espuma, plantillas, inyecci\u00f3n y bondeados, respaldados por pruebas f\u00edsicas para soluciones avanzadas.\" \/>\n<meta property=\"og:url\" content=\"https:\/\/www.dongnamco.com\/en\/aviso-de-privacidad\/\" \/>\n<meta property=\"og:site_name\" content=\"Grupo DongNam | E.V.A. de Alta Calidad e Innovaci\u00f3n\" \/>\n<meta property=\"article:publisher\" content=\"https:\/\/www.facebook.com\/profile.php?id=61576333127400\" \/>\n<meta property=\"article:modified_time\" content=\"2025-07-24T02:48:41+00:00\" \/>\n<meta property=\"og:image\" content=\"https:\/\/www.dongnamco.com\/wp-content\/uploads\/2025\/07\/SEO-DONGNAM.webp\" \/>\n\t<meta property=\"og:image:width\" content=\"922\" \/>\n\t<meta property=\"og:image:height\" content=\"500\" \/>\n\t<meta property=\"og:image:type\" content=\"image\/webp\" \/>\n<meta name=\"twitter:card\" content=\"summary_large_image\" \/>\n<meta name=\"twitter:title\" content=\"Aviso de Privacidad - Grupo DongNam\" \/>\n<meta name=\"twitter:description\" content=\"Fabricamos e innovamos materiales E.V.A. de alta calidad, como pellets, espuma, plantillas, inyecci\u00f3n y bondeados, respaldados por pruebas f\u00edsicas para soluciones avanzadas.\" \/>\n<meta name=\"twitter:image\" content=\"https:\/\/www.dongnamco.com\/wp-content\/uploads\/2025\/07\/SEO-DONGNAM.webp\" \/>\n<meta name=\"twitter:label1\" content=\"Est. reading time\" \/>\n\t<meta name=\"twitter:data1\" content=\"4 minutes\" \/>\n<script type=\"application\/ld+json\" class=\"yoast-schema-graph\">{\"@context\":\"https:\/\/schema.org\",\"@graph\":[{\"@type\":\"WebPage\",\"@id\":\"https:\/\/www.dongnamco.com\/aviso-de-privacidad\/\",\"url\":\"https:\/\/www.dongnamco.com\/aviso-de-privacidad\/\",\"name\":\"Aviso de Privacidad - Grupo DongNam\",\"isPartOf\":{\"@id\":\"https:\/\/www.dongnamco.com\/#website\"},\"datePublished\":\"2025-03-10T05:08:05+00:00\",\"dateModified\":\"2025-07-24T02:48:41+00:00\",\"description\":\"Fabricamos e innovamos materiales E.V.A. de alta calidad, como pellets, espuma, plantillas, inyecci\u00f3n y bondeados, respaldados por pruebas f\u00edsicas para soluciones avanzadas.\",\"breadcrumb\":{\"@id\":\"https:\/\/www.dongnamco.com\/aviso-de-privacidad\/#breadcrumb\"},\"inLanguage\":\"en-US\",\"potentialAction\":[{\"@type\":\"ReadAction\",\"target\":[\"https:\/\/www.dongnamco.com\/aviso-de-privacidad\/\"]}]},{\"@type\":\"BreadcrumbList\",\"@id\":\"https:\/\/www.dongnamco.com\/aviso-de-privacidad\/#breadcrumb\",\"itemListElement\":[{\"@type\":\"ListItem\",\"position\":1,\"name\":\"Inicio\",\"item\":\"https:\/\/www.dongnamco.com\/\"},{\"@type\":\"ListItem\",\"position\":2,\"name\":\"Aviso de Privacidad\"}]},{\"@type\":\"WebSite\",\"@id\":\"https:\/\/www.dongnamco.com\/#website\",\"url\":\"https:\/\/www.dongnamco.com\/\",\"name\":\"Grupo DongNam | E.V.A. de Alta Calidad e Innovaci\u00f3n\",\"description\":\"Fabricamos e innovamos materiales E.V.A. de alta calidad, como pellets, espuma, plantillas, inyecci\u00f3n y bondeados, respaldados por pruebas f\u00edsicas para soluciones avanzadas.\",\"publisher\":{\"@id\":\"https:\/\/www.dongnamco.com\/#organization\"},\"potentialAction\":[{\"@type\":\"SearchAction\",\"target\":{\"@type\":\"EntryPoint\",\"urlTemplate\":\"https:\/\/www.dongnamco.com\/?s={search_term_string}\"},\"query-input\":{\"@type\":\"PropertyValueSpecification\",\"valueRequired\":true,\"valueName\":\"search_term_string\"}}],\"inLanguage\":\"en-US\"},{\"@type\":\"Organization\",\"@id\":\"https:\/\/www.dongnamco.com\/#organization\",\"name\":\"Grupo DongNam | E.V.A. de Alta Calidad e Innovaci\u00f3n\",\"url\":\"https:\/\/www.dongnamco.com\/\",\"logo\":{\"@type\":\"ImageObject\",\"inLanguage\":\"en-US\",\"@id\":\"https:\/\/www.dongnamco.com\/#\/schema\/logo\/image\/\",\"url\":\"https:\/\/www.dongnamco.com\/wp-content\/uploads\/2025\/07\/SEO-DONGNAM.webp\",\"contentUrl\":\"https:\/\/www.dongnamco.com\/wp-content\/uploads\/2025\/07\/SEO-DONGNAM.webp\",\"width\":922,\"height\":500,\"caption\":\"Grupo DongNam | E.V.A. de Alta Calidad e Innovaci\u00f3n\"},\"image\":{\"@id\":\"https:\/\/www.dongnamco.com\/#\/schema\/logo\/image\/\"},\"sameAs\":[\"https:\/\/www.facebook.com\/profile.php?id=61576333127400\"]}]}<\/script>\n<!-- \/ Yoast SEO plugin. -->","yoast_head_json":{"title":"Aviso de Privacidad - Grupo DongNam","description":"Fabricamos e innovamos materiales E.V.A. de alta calidad, como pellets, espuma, plantillas, inyecci\u00f3n y bondeados, respaldados por pruebas f\u00edsicas para soluciones avanzadas.","robots":{"index":"noindex","follow":"nofollow"},"og_locale":"en_US","og_type":"article","og_title":"Aviso de Privacidad - Grupo DongNam","og_description":"Fabricamos e innovamos materiales E.V.A. de alta calidad, como pellets, espuma, plantillas, inyecci\u00f3n y bondeados, respaldados por pruebas f\u00edsicas para soluciones avanzadas.","og_url":"https:\/\/www.dongnamco.com\/en\/aviso-de-privacidad\/","og_site_name":"Grupo DongNam | E.V.A. de Alta Calidad e Innovaci\u00f3n","article_publisher":"https:\/\/www.facebook.com\/profile.php?id=61576333127400","article_modified_time":"2025-07-24T02:48:41+00:00","og_image":[{"width":922,"height":500,"url":"https:\/\/www.dongnamco.com\/wp-content\/uploads\/2025\/07\/SEO-DONGNAM.webp","type":"image\/webp"}],"twitter_card":"summary_large_image","twitter_title":"Aviso de Privacidad - Grupo DongNam","twitter_description":"Fabricamos e innovamos materiales E.V.A. de alta calidad, como pellets, espuma, plantillas, inyecci\u00f3n y bondeados, respaldados por pruebas f\u00edsicas para soluciones avanzadas.","twitter_image":"https:\/\/www.dongnamco.com\/wp-content\/uploads\/2025\/07\/SEO-DONGNAM.webp","twitter_misc":{"Est. reading time":"4 minutes"},"schema":{"@context":"https:\/\/schema.org","@graph":[{"@type":"WebPage","@id":"https:\/\/www.dongnamco.com\/aviso-de-privacidad\/","url":"https:\/\/www.dongnamco.com\/aviso-de-privacidad\/","name":"Aviso de Privacidad - Grupo DongNam","isPartOf":{"@id":"https:\/\/www.dongnamco.com\/#website"},"datePublished":"2025-03-10T05:08:05+00:00","dateModified":"2025-07-24T02:48:41+00:00","description":"Fabricamos e innovamos materiales E.V.A. de alta calidad, como pellets, espuma, plantillas, inyecci\u00f3n y bondeados, respaldados por pruebas f\u00edsicas para soluciones avanzadas.","breadcrumb":{"@id":"https:\/\/www.dongnamco.com\/aviso-de-privacidad\/#breadcrumb"},"inLanguage":"en-US","potentialAction":[{"@type":"ReadAction","target":["https:\/\/www.dongnamco.com\/aviso-de-privacidad\/"]}]},{"@type":"BreadcrumbList","@id":"https:\/\/www.dongnamco.com\/aviso-de-privacidad\/#breadcrumb","itemListElement":[{"@type":"ListItem","position":1,"name":"Inicio","item":"https:\/\/www.dongnamco.com\/"},{"@type":"ListItem","position":2,"name":"Aviso de Privacidad"}]},{"@type":"WebSite","@id":"https:\/\/www.dongnamco.com\/#website","url":"https:\/\/www.dongnamco.com\/","name":"DongNam Group | High-Quality E.V.A. and Innovation","description":"Fabricamos e innovamos materiales E.V.A. de alta calidad, como pellets, espuma, plantillas, inyecci\u00f3n y bondeados, respaldados por pruebas f\u00edsicas para soluciones avanzadas.","publisher":{"@id":"https:\/\/www.dongnamco.com\/#organization"},"potentialAction":[{"@type":"SearchAction","target":{"@type":"EntryPoint","urlTemplate":"https:\/\/www.dongnamco.com\/?s={search_term_string}"},"query-input":{"@type":"PropertyValueSpecification","valueRequired":true,"valueName":"search_term_string"}}],"inLanguage":"en-US"},{"@type":"Organization","@id":"https:\/\/www.dongnamco.com\/#organization","name":"DongNam Group | High-Quality E.V.A. and Innovation","url":"https:\/\/www.dongnamco.com\/","logo":{"@type":"ImageObject","inLanguage":"en-US","@id":"https:\/\/www.dongnamco.com\/#\/schema\/logo\/image\/","url":"https:\/\/www.dongnamco.com\/wp-content\/uploads\/2025\/07\/SEO-DONGNAM.webp","contentUrl":"https:\/\/www.dongnamco.com\/wp-content\/uploads\/2025\/07\/SEO-DONGNAM.webp","width":922,"height":500,"caption":"Grupo DongNam | E.V.A. de Alta Calidad e Innovaci\u00f3n"},"image":{"@id":"https:\/\/www.dongnamco.com\/#\/schema\/logo\/image\/"},"sameAs":["https:\/\/www.facebook.com\/profile.php?id=61576333127400"]}]}},"_links":{"self":[{"href":"https:\/\/www.dongnamco.com\/en\/wp-json\/wp\/v2\/pages\/3","targetHints":{"allow":["GET"]}}],"collection":[{"href":"https:\/\/www.dongnamco.com\/en\/wp-json\/wp\/v2\/pages"}],"about":[{"href":"https:\/\/www.dongnamco.com\/en\/wp-json\/wp\/v2\/types\/page"}],"author":[{"embeddable":true,"href":"https:\/\/www.dongnamco.com\/en\/wp-json\/wp\/v2\/users\/1"}],"replies":[{"embeddable":true,"href":"https:\/\/www.dongnamco.com\/en\/wp-json\/wp\/v2\/comments?post=3"}],"version-history":[{"count":31,"href":"https:\/\/www.dongnamco.com\/en\/wp-json\/wp\/v2\/pages\/3\/revisions"}],"predecessor-version":[{"id":145579,"href":"https:\/\/www.dongnamco.com\/en\/wp-json\/wp\/v2\/pages\/3\/revisions\/145579"}],"wp:attachment":[{"href":"https:\/\/www.dongnamco.com\/en\/wp-json\/wp\/v2\/media?parent=3"}],"curies":[{"name":"wp","href":"https:\/\/api.w.org\/{rel}","templated":true}]}}